{"id":396,"date":"2016-05-19T20:30:03","date_gmt":"2016-05-19T20:30:03","guid":{"rendered":"http:\/\/test.tandl\u00e6gerne.dk\/?page_id=396"},"modified":"2018-08-08T19:13:19","modified_gmt":"2018-08-08T19:13:19","slug":"tandregulering","status":"publish","type":"page","link":"https:\/\/tandl\u00e6gerne.dk\/?page_id=396","title":{"rendered":"Tandregulering"},"content":{"rendered":"<p>[et_pb_section admin_label=&#8221;section&#8221; fullwidth=&#8221;on&#8221; specialty=&#8221;off&#8221; background_color=&#8221;#114e72&#8243; inner_shadow=&#8221;off&#8221; parallax=&#8221;off&#8221; background_image=&#8221;http:\/\/test.tandl\u00e6gerne.dk\/wp-content\/uploads\/2016\/03\/baggrund1.jpg&#8221; transparent_background=&#8221;off&#8221; allow_player_pause=&#8221;off&#8221; parallax_method=&#8221;off&#8221; padding_mobile=&#8221;off&#8221; make_fullwidth=&#8221;off&#8221; use_custom_width=&#8221;off&#8221; width_unit=&#8221;on&#8221; make_equal=&#8221;off&#8221; use_custom_gutter=&#8221;off&#8221;][et_pb_fullwidth_header admin_label=&#8221;Fullwidth Header&#8221; title=&#8221;Behandlinger&#8221; subhead=&#8221;Tandregulering&#8221; background_layout=&#8221;dark&#8221; text_orientation=&#8221;left&#8221; header_fullscreen=&#8221;off&#8221; header_scroll_down=&#8221;off&#8221; parallax=&#8221;off&#8221; parallax_method=&#8221;off&#8221; content_orientation=&#8221;center&#8221; image_orientation=&#8221;center&#8221; custom_button_one=&#8221;off&#8221; button_one_letter_spacing=&#8221;0&#8243; button_one_use_icon=&#8221;default&#8221; button_one_icon_placement=&#8221;right&#8221; button_one_on_hover=&#8221;on&#8221; button_one_letter_spacing_hover=&#8221;0&#8243; custom_button_two=&#8221;off&#8221; button_two_letter_spacing=&#8221;0&#8243; button_two_use_icon=&#8221;default&#8221; button_two_icon_placement=&#8221;right&#8221; button_two_on_hover=&#8221;on&#8221; button_two_letter_spacing_hover=&#8221;0&#8243;] [\/et_pb_fullwidth_header][\/et_pb_section][et_pb_section admin_label=&#8221;section&#8221; fullwidth=&#8221;off&#8221; specialty=&#8221;on&#8221;][et_pb_column type=&#8221;1_4&#8243;][et_pb_text admin_label=&#8221;Tekst&#8221; global_module=&#8221;608&#8243; saved_tabs=&#8221;all&#8221; background_layout=&#8221;light&#8221; text_orientation=&#8221;left&#8221; use_border_color=&#8221;off&#8221; border_color=&#8221;#ffffff&#8221; border_style=&#8221;solid&#8221;]<\/p>\n<p><strong>Behandlinger<\/strong><\/p>\n<p><a href=\"http:\/\/test.tandl\u00e6gerne.dk\/?page_id=394\">Fyldninger<\/a><a href=\"http:\/\/test.tandl\u00e6gerne.dk\/?page_id=337\"><br \/>\nKroner og broer<\/a><br \/>\n<a href=\"http:\/\/test.tandl\u00e6gerne.dk\/?page_id=346\">Implantater<br \/>\n<\/a><a href=\"http:\/\/test.tandl\u00e6gerne.dk\/?page_id=388\">Rodbehandling<\/a><br \/>\n<a href=\"http:\/\/test.tandl\u00e6gerne.dk\/?page_id=392\">Parondontose<\/a><br \/>\n<a href=\"http:\/\/test.tandl\u00e6gerne.dk\/?page_id=390\">Blegning<\/a><br \/>\n<a href=\"http:\/\/test.tandl\u00e6gerne.dk\/?page_id=396\">Tandregulering<\/a><\/p>\n<p>[\/et_pb_text][\/et_pb_column][et_pb_column type=&#8221;3_4&#8243; specialty_columns=&#8221;3&#8243;][et_pb_row_inner admin_label=&#8221;row_inner&#8221;][et_pb_column_inner type=&#8221;4_4&#8243; saved_specialty_column_type=&#8221;3_4&#8243;][et_pb_text admin_label=&#8221;Text&#8221; background_layout=&#8221;light&#8221; text_orientation=&#8221;left&#8221; use_border_color=&#8221;off&#8221; border_color=&#8221;#ffffff&#8221; border_style=&#8221;solid&#8221;]<\/p>\n<h2>Tandregulering<\/h2>\n<p>Specialtandl\u00e6ge Johan Corydon Knudsen tilbyder tandregulering p\u00e5 klinikken i Klostergade.<\/p>\n<p>De mange muligheder er illustreret p\u00e5 Johans hjemmeside.<\/p>\n<p><a href=\"http:\/\/johancorydonknudsen.dk\/tandregulering\/generelt\/\" target=\"_blank\">Tryk her for flere oplysninger<\/a><\/p>\n<p>[\/et_pb_text][\/et_pb_column_inner][\/et_pb_row_inner][\/et_pb_column][\/et_pb_section][et_pb_section admin_label=&#8221;section&#8221; global_module=&#8221;492&#8243; fullwidth=&#8221;off&#8221; specialty=&#8221;off&#8221; background_image=&#8221;http:\/\/retry.dk\/kunder\/tandlaegerne-klostergade\/wp-content\/uploads\/2016\/03\/baggrund1.jpg&#8221; inner_shadow=&#8221;on&#8221; parallax=&#8221;off&#8221; transparent_background=&#8221;off&#8221; allow_player_pause=&#8221;off&#8221; parallax_method=&#8221;off&#8221; padding_mobile=&#8221;off&#8221; make_fullwidth=&#8221;off&#8221; use_custom_width=&#8221;off&#8221; width_unit=&#8221;on&#8221; make_equal=&#8221;off&#8221; use_custom_gutter=&#8221;off&#8221;][et_pb_row global_parent=&#8221;492&#8243; admin_label=&#8221;row&#8221;][et_pb_column type=&#8221;4_4&#8243;][et_pb_cta global_parent=&#8221;492&#8243; admin_label=&#8221;Call To Action&#8221; button_url=&#8221;https:\/\/tandl\u00e6gerne.dk\/?page_id=171&#8243; button_text=&#8221;Kontakt os&#8221; use_background_color=&#8221;off&#8221; background_color=&#8221;#108bf5&#8243; background_layout=&#8221;dark&#8221; text_orientation=&#8221;center&#8221; url_new_window=&#8221;off&#8221; use_border_color=&#8221;off&#8221; border_color=&#8221;#ffffff&#8221; border_style=&#8221;solid&#8221; custom_button=&#8221;off&#8221; button_letter_spacing=&#8221;0&#8243; button_use_icon=&#8221;default&#8221; button_icon_placement=&#8221;right&#8221; button_on_hover=&#8221;on&#8221; button_letter_spacing_hover=&#8221;0&#8243;]<\/p>\n<p><strong>Adresse:<\/strong> Klostergade 56, 8000 \u00c5rhus\u00a0\u00a0 <strong>Telefon: <\/strong>8612 4500<strong>\u00a0 <strong>Mail<\/strong>: <\/strong><a style=\"color: #fff;\" href=\"mailto:info@tandlaegerne-klostergade.dk\">info@tandlaegerne-klostergade.<\/a><a style=\"color: #fff;\" href=\"mailto:info@tandlaegerne-klostergade.dk\">dk<\/a><\/p>\n<p><strong><strong>\u00c5bningstider:<\/strong> <\/strong>mandag til torsdag fra 8.15 til 16.30 &#8211; fredag fra 8.00 til 16.00<br \/>\n<strong>\u00a0Telefontider:\u00a0<\/strong>mandag til fredag fra 8.00 til 16.00<\/p>\n<p>[\/et_pb_cta][\/et_pb_column][\/et_pb_row][\/et_pb_section]<\/p>\n","protected":false},"excerpt":{"rendered":"<p>Behandlinger Fyldninger Kroner og broer Implantater Rodbehandling Parondontose Blegning Tandregulering Tandregulering Specialtandl\u00e6ge Johan Corydon Knudsen tilbyder tandregulering p\u00e5 klinikken i Klostergade. De mange muligheder er illustreret p\u00e5 Johans hjemmeside. Tryk her for flere oplysninger Adresse: Klostergade 56, 8000 \u00c5rhus\u00a0\u00a0 Telefon: 8612 4500\u00a0 Mail: info@tandlaegerne-klostergade.dk \u00c5bningstider: mandag til torsdag fra 8.15 til 16.30 &#8211; fredag fra [&hellip;]<\/p>\n","protected":false},"author":1,"featured_media":0,"parent":62,"menu_order":7,"comment_status":"closed","ping_status":"closed","template":"","meta":{"_et_pb_use_builder":"on","_et_pb_old_content":"","_et_gb_content_width":"","footnotes":""},"class_list":["post-396","page","type-page","status-publish","hentry"],"yoast_head":"<!-- This site is optimized with the Yoast SEO plugin v26.3 - https:\/\/yoast.com\/wordpress\/plugins\/seo\/ -->\n<title>Tandregulering - Tandl\u00e6gerne Klostergade Aarhus C<\/title>\n<meta name=\"robots\" content=\"index, follow, max-snippet:-1, max-image-preview:large, max-video-preview:-1\" \/>\n<link rel=\"canonical\" href=\"https:\/\/tandl\u00e6gerne.dk\/?page_id=396\" \/>\n<meta property=\"og:locale\" content=\"da_DK\" \/>\n<meta property=\"og:type\" content=\"article\" \/>\n<meta property=\"og:title\" content=\"Tandregulering - Tandl\u00e6gerne Klostergade Aarhus C\" \/>\n<meta property=\"og:description\" content=\"Behandlinger Fyldninger Kroner og broer Implantater Rodbehandling Parondontose Blegning Tandregulering Tandregulering Specialtandl\u00e6ge Johan Corydon Knudsen tilbyder tandregulering p\u00e5 klinikken i Klostergade. De mange muligheder er illustreret p\u00e5 Johans hjemmeside. Tryk her for flere oplysninger Adresse: Klostergade 56, 8000 \u00c5rhus\u00a0\u00a0 Telefon: 8612 4500\u00a0 Mail: info@tandlaegerne-klostergade.dk \u00c5bningstider: mandag til torsdag fra 8.15 til 16.30 - fredag fra [&hellip;]\" \/>\n<meta property=\"og:url\" content=\"https:\/\/tandl\u00e6gerne.dk\/?page_id=396\" \/>\n<meta property=\"og:site_name\" content=\"Tandl\u00e6gerne Klostergade Aarhus C\" \/>\n<meta property=\"article:modified_time\" content=\"2018-08-08T19:13:19+00:00\" \/>\n<meta name=\"twitter:card\" content=\"summary_large_image\" \/>\n<meta name=\"twitter:label1\" content=\"Estimeret l\u00e6setid\" \/>\n\t<meta name=\"twitter:data1\" content=\"2 minutter\" \/>\n<script type=\"application\/ld+json\" class=\"yoast-schema-graph\">{\"@context\":\"https:\/\/schema.org\",\"@graph\":[{\"@type\":\"WebPage\",\"@id\":\"https:\/\/tandl\u00e6gerne.dk\/?page_id=396\",\"url\":\"https:\/\/tandl\u00e6gerne.dk\/?page_id=396\",\"name\":\"Tandregulering - Tandl\u00e6gerne Klostergade Aarhus C\",\"isPartOf\":{\"@id\":\"https:\/\/tandl\u00e6gerne.dk\/#website\"},\"datePublished\":\"2016-05-19T20:30:03+00:00\",\"dateModified\":\"2018-08-08T19:13:19+00:00\",\"breadcrumb\":{\"@id\":\"https:\/\/tandl\u00e6gerne.dk\/?page_id=396#breadcrumb\"},\"inLanguage\":\"da-DK\",\"potentialAction\":[{\"@type\":\"ReadAction\",\"target\":[\"https:\/\/tandl\u00e6gerne.dk\/?page_id=396\"]}]},{\"@type\":\"BreadcrumbList\",\"@id\":\"https:\/\/tandl\u00e6gerne.dk\/?page_id=396#breadcrumb\",\"itemListElement\":[{\"@type\":\"ListItem\",\"position\":1,\"name\":\"Hjem\",\"item\":\"https:\/\/tandl\u00e6gerne.dk\/\"},{\"@type\":\"ListItem\",\"position\":2,\"name\":\"Behandlinger\",\"item\":\"https:\/\/tandl\u00e6gerne.dk\/?page_id=62\"},{\"@type\":\"ListItem\",\"position\":3,\"name\":\"Tandregulering\"}]},{\"@type\":\"WebSite\",\"@id\":\"https:\/\/tandl\u00e6gerne.dk\/#website\",\"url\":\"https:\/\/tandl\u00e6gerne.dk\/\",\"name\":\"Tandl\u00e6gerne Klostergade Aarhus C\",\"description\":\"Vi er en moderne tandl\u00e6geklinik, der varetager alle typer af behandlinger i Aarhus\",\"potentialAction\":[{\"@type\":\"SearchAction\",\"target\":{\"@type\":\"EntryPoint\",\"urlTemplate\":\"https:\/\/tandl\u00e6gerne.dk\/?s={search_term_string}\"},\"query-input\":{\"@type\":\"PropertyValueSpecification\",\"valueRequired\":true,\"valueName\":\"search_term_string\"}}],\"inLanguage\":\"da-DK\"}]}<\/script>\n<!-- \/ Yoast SEO plugin. -->","yoast_head_json":{"title":"Tandregulering - Tandl\u00e6gerne Klostergade Aarhus C","robots":{"index":"index","follow":"follow","max-snippet":"max-snippet:-1","max-image-preview":"max-image-preview:large","max-video-preview":"max-video-preview:-1"},"canonical":"https:\/\/tandl\u00e6gerne.dk\/?page_id=396","og_locale":"da_DK","og_type":"article","og_title":"Tandregulering - Tandl\u00e6gerne Klostergade Aarhus C","og_description":"Behandlinger Fyldninger Kroner og broer Implantater Rodbehandling Parondontose Blegning Tandregulering Tandregulering Specialtandl\u00e6ge Johan Corydon Knudsen tilbyder tandregulering p\u00e5 klinikken i Klostergade. De mange muligheder er illustreret p\u00e5 Johans hjemmeside. Tryk her for flere oplysninger Adresse: Klostergade 56, 8000 \u00c5rhus\u00a0\u00a0 Telefon: 8612 4500\u00a0 Mail: info@tandlaegerne-klostergade.dk \u00c5bningstider: mandag til torsdag fra 8.15 til 16.30 - fredag fra [&hellip;]","og_url":"https:\/\/tandl\u00e6gerne.dk\/?page_id=396","og_site_name":"Tandl\u00e6gerne Klostergade Aarhus C","article_modified_time":"2018-08-08T19:13:19+00:00","twitter_card":"summary_large_image","twitter_misc":{"Estimeret l\u00e6setid":"2 minutter"},"schema":{"@context":"https:\/\/schema.org","@graph":[{"@type":"WebPage","@id":"https:\/\/tandl\u00e6gerne.dk\/?page_id=396","url":"https:\/\/tandl\u00e6gerne.dk\/?page_id=396","name":"Tandregulering - Tandl\u00e6gerne Klostergade Aarhus C","isPartOf":{"@id":"https:\/\/tandl\u00e6gerne.dk\/#website"},"datePublished":"2016-05-19T20:30:03+00:00","dateModified":"2018-08-08T19:13:19+00:00","breadcrumb":{"@id":"https:\/\/tandl\u00e6gerne.dk\/?page_id=396#breadcrumb"},"inLanguage":"da-DK","potentialAction":[{"@type":"ReadAction","target":["https:\/\/tandl\u00e6gerne.dk\/?page_id=396"]}]},{"@type":"BreadcrumbList","@id":"https:\/\/tandl\u00e6gerne.dk\/?page_id=396#breadcrumb","itemListElement":[{"@type":"ListItem","position":1,"name":"Hjem","item":"https:\/\/tandl\u00e6gerne.dk\/"},{"@type":"ListItem","position":2,"name":"Behandlinger","item":"https:\/\/tandl\u00e6gerne.dk\/?page_id=62"},{"@type":"ListItem","position":3,"name":"Tandregulering"}]},{"@type":"WebSite","@id":"https:\/\/tandl\u00e6gerne.dk\/#website","url":"https:\/\/tandl\u00e6gerne.dk\/","name":"Tandl\u00e6gerne Klostergade Aarhus C","description":"Vi er en moderne tandl\u00e6geklinik, der varetager alle typer af behandlinger i Aarhus","potentialAction":[{"@type":"SearchAction","target":{"@type":"EntryPoint","urlTemplate":"https:\/\/tandl\u00e6gerne.dk\/?s={search_term_string}"},"query-input":{"@type":"PropertyValueSpecification","valueRequired":true,"valueName":"search_term_string"}}],"inLanguage":"da-DK"}]}},"_links":{"self":[{"href":"https:\/\/tandl\u00e6gerne.dk\/index.php?rest_route=\/wp\/v2\/pages\/396","targetHints":{"allow":["GET"]}}],"collection":[{"href":"https:\/\/tandl\u00e6gerne.dk\/index.php?rest_route=\/wp\/v2\/pages"}],"about":[{"href":"https:\/\/tandl\u00e6gerne.dk\/index.php?rest_route=\/wp\/v2\/types\/page"}],"author":[{"embeddable":true,"href":"https:\/\/tandl\u00e6gerne.dk\/index.php?rest_route=\/wp\/v2\/users\/1"}],"replies":[{"embeddable":true,"href":"https:\/\/tandl\u00e6gerne.dk\/index.php?rest_route=%2Fwp%2Fv2%2Fcomments&post=396"}],"version-history":[{"count":13,"href":"https:\/\/tandl\u00e6gerne.dk\/index.php?rest_route=\/wp\/v2\/pages\/396\/revisions"}],"predecessor-version":[{"id":1131,"href":"https:\/\/tandl\u00e6gerne.dk\/index.php?rest_route=\/wp\/v2\/pages\/396\/revisions\/1131"}],"up":[{"embeddable":true,"href":"https:\/\/tandl\u00e6gerne.dk\/index.php?rest_route=\/wp\/v2\/pages\/62"}],"wp:attachment":[{"href":"https:\/\/tandl\u00e6gerne.dk\/index.php?rest_route=%2Fwp%2Fv2%2Fmedia&parent=396"}],"curies":[{"name":"wp","href":"https:\/\/api.w.org\/{rel}","templated":true}]}}