{"id":60,"date":"2016-03-04T18:07:12","date_gmt":"2016-03-04T18:07:12","guid":{"rendered":"http:\/\/localhost:8888\/tandlaegerne-klostergade\/?page_id=60"},"modified":"2024-03-04T21:09:30","modified_gmt":"2024-03-04T21:09:30","slug":"klinikken","status":"publish","type":"page","link":"https:\/\/tandl\u00e6gerne.dk\/?page_id=60","title":{"rendered":"Klinikken"},"content":{"rendered":"<p>[et_pb_section fb_built=&#8221;1&#8243; fullwidth=&#8221;on&#8221; custom_padding_last_edited=&#8221;on|desktop&#8221; admin_label=&#8221;Sektion&#8221; _builder_version=&#8221;4.16&#8243; background_color=&#8221;#114e72&#8243; background_image=&#8221;http:\/\/test.tandl\u00e6gerne.dk\/wp-content\/uploads\/2016\/03\/baggrund1.jpg&#8221; custom_padding_tablet=&#8221;50px|0|50px|0&#8243; custom_padding_phone=&#8221;50px|0|50px|0&#8243; transparent_background=&#8221;off&#8221; padding_mobile=&#8221;off&#8221; make_fullwidth=&#8221;off&#8221; use_custom_width=&#8221;off&#8221; width_unit=&#8221;on&#8221; global_colors_info=&#8221;{}&#8221;][et_pb_fullwidth_header title=&#8221;Klinikken&#8221; subhead=&#8221;Om klinikken&#8221; content_max_width=&#8221;none&#8221; admin_label=&#8221;Fuldbredde Overskrift&#8221; _builder_version=&#8221;4.16&#8243; background_color=&#8221;rgba(255, 255, 255, 0)&#8221; button_one_letter_spacing_hover=&#8221;0&#8243; button_two_letter_spacing_hover=&#8221;0&#8243; global_colors_info=&#8221;{}&#8221; button_one_text_size__hover_enabled=&#8221;off&#8221; button_two_text_size__hover_enabled=&#8221;off&#8221; button_one_text_color__hover_enabled=&#8221;off&#8221; button_two_text_color__hover_enabled=&#8221;off&#8221; button_one_border_width__hover_enabled=&#8221;off&#8221; button_two_border_width__hover_enabled=&#8221;off&#8221; button_one_border_color__hover_enabled=&#8221;off&#8221; button_two_border_color__hover_enabled=&#8221;off&#8221; button_one_border_radius__hover_enabled=&#8221;off&#8221; button_two_border_radius__hover_enabled=&#8221;off&#8221; button_one_letter_spacing__hover_enabled=&#8221;on&#8221; button_one_letter_spacing__hover=&#8221;0&#8243; button_two_letter_spacing__hover_enabled=&#8221;on&#8221; button_two_letter_spacing__hover=&#8221;0&#8243; button_one_bg_color__hover_enabled=&#8221;off&#8221; button_two_bg_color__hover_enabled=&#8221;off&#8221;] [\/et_pb_fullwidth_header][\/et_pb_section][et_pb_section fb_built=&#8221;1&#8243; admin_label=&#8221;section&#8221; _builder_version=&#8221;4.16&#8243; global_colors_info=&#8221;{}&#8221;][et_pb_row admin_label=&#8221;row&#8221; _builder_version=&#8221;4.16&#8243; background_size=&#8221;initial&#8221; background_position=&#8221;top_left&#8221; background_repeat=&#8221;repeat&#8221; global_colors_info=&#8221;{}&#8221;][et_pb_column type=&#8221;4_4&#8243; _builder_version=&#8221;4.16&#8243; custom_padding=&#8221;|||&#8221; global_colors_info=&#8221;{}&#8221; custom_padding__hover=&#8221;|||&#8221;][et_pb_text admin_label=&#8221;Tekst&#8221; _builder_version=&#8221;4.16&#8243; background_size=&#8221;initial&#8221; background_position=&#8221;top_left&#8221; background_repeat=&#8221;repeat&#8221; use_border_color=&#8221;off&#8221; border_color=&#8221;#ffffff&#8221; border_style=&#8221;solid&#8221; global_colors_info=&#8221;{}&#8221;]<\/p>\n<p>Velkommen hos Tandl\u00e6gerne Klostergade.<\/p>\n<p>Vi er en moderne klinik, der varetager alle typer af tandbehandlinger.<\/p>\n<p>Hele personalet yder hver dag sit bedste for, at vi alle kan have en hverdag pr\u00e6get af faglighed, trov\u00e6rdighed, empati, h\u00f8jt hum\u00f8r, godt h\u00e5ndv\u00e6rk, og god service for vores patienter.<\/p>\n<p>Uanset om du bare har brug for en unders\u00f8gelse og en almindelig tandrensning, eller om du m\u00e5ske har en kompleks oral situation, hvor der er brug for samarbejde mellem flere odontologiske faggrupper, s\u00e5 er vi de helt rigtige at kontakte.<\/p>\n<p>P\u00e5 tandklinikken findes nemlig en helt us\u00e6dvanlig bred skare af fagligt ambiti\u00f8se og meget engagerede behandlere. Vi er hele 10 tandl\u00e6ger og 3 tandplejere, som har vores gang i huset, og vi d\u00e6kker i f\u00e6llesskab alle v\u00e6sentlige omr\u00e5der inden for odontologien.<\/p>\n<p>Klinikkens team r\u00e5der s\u00e5ledes over specielle kompetencer og erfaringer inden for fx paradentose, rodbehandling, plastarbejde, enhver form for aftagelige proteser og fastsiddende kroner og broer, tandregulering samt oral kirurgi og implantologi.<\/p>\n<p>B\u00e5de vi og vores patienter nyder derved godt af den daglige luksus, det er\u00a0<u>altid<\/u> at kunne konferere en given situation ud fra flere vinkler sammen med gode kolleger, som besidder s\u00e6rlig viden p\u00e5 fagomr\u00e5det. P\u00e5 den m\u00e5de kan vi opn\u00e5 et v\u00e6rdifuldt overblik og optimere vores patienters behandlingsplaner; uanset om de er store eller sm\u00e5. Og n\u00e5r behandlingerne s\u00e5 udf\u00f8res, sker det altid omsorgsfuldt, grundigt og p\u00e5 et velovervejet grundlag i samr\u00e5d og samarbejde med dig som patient.<\/p>\n<p>Selve tandklinikken er beliggende centralt i hjertet af Aarhus i K\u00f8bmand Fauerskous gamle g\u00e5rd lige ved Vor Frue Kirke. Bygningen er oprindelig opf\u00f8rt i 1812 og delvis fredet, men har op til i dag selvsagt gennemg\u00e5et en lang r\u00e6kke moderniseringer indvendig. Bygningen er dog overordnet ikke ret handicapvenlig pga. indgangstrappen.<\/p>\n<p>Der er et mindre antal P-pladser (alm. bil, elbil, handicap-plads) lige ud for klinikhuset og Magasins P-hus ligger ca. 150 meter v\u00e6k. Talrige buslinier stopper ved Klostertorvet\/Frue Kirkeplads 30 meter fra klinikken..<\/p>\n<p>Klinikken r\u00e5der over hele forhuset ud mod gaden. Her har vi har indrettet os med reception, stort venteomr\u00e5de fordelt p\u00e5 stuen og 1. sal, i alt 9 klinikrum, 2 sterilisationsafdelinger, kontorer og personalerum.<\/p>\n<p>Teknologisk er vi helt p\u00e5 forkant og arbejder bl.a. med digital r\u00f8ntgen, digital panoramar\u00f8ntgen samt digital 3D scanning.<\/p>\n<p>Tandl\u00e6ge Thomas Guldborg modtager desuden henvisninger for implantatbehandlinger.<\/p>\n<p>Vi ser frem til at byde dig indenfor her hos os.<\/p>\n<p>[\/et_pb_text][\/et_pb_column][\/et_pb_row][et_pb_row admin_label=&#8221;R\u00e6kke&#8221; _builder_version=&#8221;4.16&#8243; background_size=&#8221;initial&#8221; background_position=&#8221;top_left&#8221; background_repeat=&#8221;repeat&#8221; global_colors_info=&#8221;{}&#8221;][et_pb_column type=&#8221;4_4&#8243; _builder_version=&#8221;4.16&#8243; custom_padding=&#8221;|||&#8221; global_colors_info=&#8221;{}&#8221; custom_padding__hover=&#8221;|||&#8221;][et_pb_image src=&#8221;https:\/\/tandl\u00e6gerne.dk\/wp-content\/uploads\/2022\/03\/HB2111012TandlaegerneKlostergade_01.ARW_.p.jpeg&#8221; _builder_version=&#8221;4.16&#8243; _module_preset=&#8221;default&#8221; global_colors_info=&#8221;{}&#8221;][\/et_pb_image][\/et_pb_column][\/et_pb_row][\/et_pb_section][et_pb_section fb_built=&#8221;1&#8243; inner_shadow=&#8221;on&#8221; custom_padding_last_edited=&#8221;on|desktop&#8221; admin_label=&#8221;section&#8221; _builder_version=&#8221;3.22&#8243; background_image=&#8221;http:\/\/retry.dk\/kunder\/tandlaegerne-klostergade\/wp-content\/uploads\/2016\/03\/baggrund1.jpg&#8221; custom_padding_tablet=&#8221;50px|0|50px|0&#8243; custom_padding_phone=&#8221;50px|0|50px|0&#8243; transparent_background=&#8221;off&#8221; padding_mobile=&#8221;off&#8221; make_fullwidth=&#8221;off&#8221; use_custom_width=&#8221;off&#8221; width_unit=&#8221;on&#8221; global_module=&#8221;492&#8243; global_colors_info=&#8221;{}&#8221;][et_pb_row admin_label=&#8221;row&#8221; _builder_version=&#8221;4.16&#8243; background_size=&#8221;initial&#8221; background_position=&#8221;top_left&#8221; background_repeat=&#8221;repeat&#8221; global_colors_info=&#8221;{}&#8221;][et_pb_column type=&#8221;4_4&#8243; _builder_version=&#8221;4.16&#8243; custom_padding=&#8221;|||&#8221; global_colors_info=&#8221;{}&#8221; custom_padding__hover=&#8221;|||&#8221;][et_pb_cta button_url=&#8221;https:\/\/tandl\u00e6gerne.dk\/?page_id=171&#8243; button_text=&#8221;Kontakt os&#8221; admin_label=&#8221;Call To Action&#8221; _builder_version=&#8221;4.16&#8243; use_background_color=&#8221;off&#8221; background_size=&#8221;initial&#8221; background_position=&#8221;top_left&#8221; background_repeat=&#8221;repeat&#8221; use_border_color=&#8221;off&#8221; border_color=&#8221;#ffffff&#8221; border_style=&#8221;solid&#8221; button_letter_spacing_hover=&#8221;0&#8243; global_colors_info=&#8221;{}&#8221; button_text_size__hover_enabled=&#8221;off&#8221; button_one_text_size__hover_enabled=&#8221;off&#8221; button_two_text_size__hover_enabled=&#8221;off&#8221; button_text_color__hover_enabled=&#8221;off&#8221; button_one_text_color__hover_enabled=&#8221;off&#8221; button_two_text_color__hover_enabled=&#8221;off&#8221; button_border_width__hover_enabled=&#8221;off&#8221; button_one_border_width__hover_enabled=&#8221;off&#8221; button_two_border_width__hover_enabled=&#8221;off&#8221; button_border_color__hover_enabled=&#8221;off&#8221; button_one_border_color__hover_enabled=&#8221;off&#8221; button_two_border_color__hover_enabled=&#8221;off&#8221; button_border_radius__hover_enabled=&#8221;off&#8221; button_one_border_radius__hover_enabled=&#8221;off&#8221; button_two_border_radius__hover_enabled=&#8221;off&#8221; button_letter_spacing__hover_enabled=&#8221;on&#8221; button_letter_spacing__hover=&#8221;0&#8243; button_one_letter_spacing__hover_enabled=&#8221;off&#8221; button_two_letter_spacing__hover_enabled=&#8221;off&#8221; button_bg_color__hover_enabled=&#8221;off&#8221; button_one_bg_color__hover_enabled=&#8221;off&#8221; button_two_bg_color__hover_enabled=&#8221;off&#8221;]<\/p>\n<p><strong>Adresse:<\/strong> Klostergade 56, 8000 \u00c5rhus\u00a0\u00a0 <strong>Telefon: <\/strong>8612 4500<strong>\u00a0 <strong>Mail<\/strong>: <\/strong><a style=\"color: #fff;\" href=\"mailto:info@tandlaegerne-klostergade.dk\">info@tandlaegerne-klostergade.<\/a><a style=\"color: #fff;\" href=\"mailto:info@tandlaegerne-klostergade.dk\">dk<\/a>\u00a0<\/p>\n<p>\u00a0<strong><strong>\u00c5bningstider:<\/strong> <\/strong>mandag til torsdag fra 8.15 til 16.30 &#8211; fredag fra 8.00 til 16.00<br \/><strong>\u00a0Telefontider:\u00a0<\/strong>mandag til fredag fra 8.00 til 16.00<\/p>\n<p>[\/et_pb_cta][\/et_pb_column][\/et_pb_row][\/et_pb_section][et_pb_section fb_built=&#8221;1&#8243; _builder_version=&#8221;4.16&#8243; _module_preset=&#8221;default&#8221; global_colors_info=&#8221;{}&#8221;][et_pb_row _builder_version=&#8221;4.16&#8243; _module_preset=&#8221;default&#8221; global_colors_info=&#8221;{}&#8221;][et_pb_column type=&#8221;4_4&#8243; _builder_version=&#8221;4.16&#8243; _module_preset=&#8221;default&#8221; global_colors_info=&#8221;{}&#8221;][\/et_pb_column][\/et_pb_row][\/et_pb_section]<\/p>\n","protected":false},"excerpt":{"rendered":"<p>Velkommen hos Tandl\u00e6gerne Klostergade. Vi er en moderne klinik, der varetager alle typer af tandbehandlinger. Hele personalet yder hver dag sit bedste for, at vi alle kan have en hverdag pr\u00e6get af faglighed, trov\u00e6rdighed, empati, h\u00f8jt hum\u00f8r, godt h\u00e5ndv\u00e6rk, og god service for vores patienter. Uanset om du bare har brug for en unders\u00f8gelse og [&hellip;]<\/p>\n","protected":false},"author":1,"featured_media":0,"parent":0,"menu_order":0,"comment_status":"closed","ping_status":"closed","template":"","meta":{"_et_pb_use_builder":"on","_et_pb_old_content":"","_et_gb_content_width":"","footnotes":""},"class_list":["post-60","page","type-page","status-publish","hentry"],"yoast_head":"<!-- This site is optimized with the Yoast SEO plugin v26.3 - https:\/\/yoast.com\/wordpress\/plugins\/seo\/ -->\n<title>Klinikken - Tandl\u00e6gerne Klostergade Aarhus C<\/title>\n<meta name=\"description\" content=\"Tandl\u00e6gerne Klostergade er et stort team af tandl\u00e6ger i Aarhus C. Vores moderne klinik p\u00e5 Klostergade 56 varetager alle typer af behandlinger.\" \/>\n<meta name=\"robots\" content=\"index, follow, max-snippet:-1, max-image-preview:large, max-video-preview:-1\" \/>\n<link rel=\"canonical\" href=\"https:\/\/tandl\u00e6gerne.dk\/?page_id=60\" \/>\n<meta property=\"og:locale\" content=\"da_DK\" \/>\n<meta property=\"og:type\" content=\"article\" \/>\n<meta property=\"og:title\" content=\"Klinikken - Tandl\u00e6gerne Klostergade Aarhus C\" \/>\n<meta property=\"og:description\" content=\"Tandl\u00e6gerne Klostergade er et stort team af tandl\u00e6ger i Aarhus C. Vores moderne klinik p\u00e5 Klostergade 56 varetager alle typer af behandlinger.\" \/>\n<meta property=\"og:url\" content=\"https:\/\/tandl\u00e6gerne.dk\/?page_id=60\" \/>\n<meta property=\"og:site_name\" content=\"Tandl\u00e6gerne Klostergade Aarhus C\" \/>\n<meta property=\"article:modified_time\" content=\"2024-03-04T21:09:30+00:00\" \/>\n<meta name=\"twitter:card\" content=\"summary_large_image\" \/>\n<meta name=\"twitter:label1\" content=\"Estimeret l\u00e6setid\" \/>\n\t<meta name=\"twitter:data1\" content=\"6 minutter\" \/>\n<script type=\"application\/ld+json\" class=\"yoast-schema-graph\">{\"@context\":\"https:\/\/schema.org\",\"@graph\":[{\"@type\":\"WebPage\",\"@id\":\"https:\/\/tandl\u00e6gerne.dk\/?page_id=60\",\"url\":\"https:\/\/tandl\u00e6gerne.dk\/?page_id=60\",\"name\":\"Klinikken - Tandl\u00e6gerne Klostergade Aarhus C\",\"isPartOf\":{\"@id\":\"https:\/\/tandl\u00e6gerne.dk\/#website\"},\"datePublished\":\"2016-03-04T18:07:12+00:00\",\"dateModified\":\"2024-03-04T21:09:30+00:00\",\"description\":\"Tandl\u00e6gerne Klostergade er et stort team af tandl\u00e6ger i Aarhus C. Vores moderne klinik p\u00e5 Klostergade 56 varetager alle typer af behandlinger.\",\"breadcrumb\":{\"@id\":\"https:\/\/tandl\u00e6gerne.dk\/?page_id=60#breadcrumb\"},\"inLanguage\":\"da-DK\",\"potentialAction\":[{\"@type\":\"ReadAction\",\"target\":[\"https:\/\/tandl\u00e6gerne.dk\/?page_id=60\"]}]},{\"@type\":\"BreadcrumbList\",\"@id\":\"https:\/\/tandl\u00e6gerne.dk\/?page_id=60#breadcrumb\",\"itemListElement\":[{\"@type\":\"ListItem\",\"position\":1,\"name\":\"Hjem\",\"item\":\"https:\/\/tandl\u00e6gerne.dk\/\"},{\"@type\":\"ListItem\",\"position\":2,\"name\":\"Klinikken\"}]},{\"@type\":\"WebSite\",\"@id\":\"https:\/\/tandl\u00e6gerne.dk\/#website\",\"url\":\"https:\/\/tandl\u00e6gerne.dk\/\",\"name\":\"Tandl\u00e6gerne Klostergade Aarhus C\",\"description\":\"Vi er en moderne tandl\u00e6geklinik, der varetager alle typer af behandlinger i Aarhus\",\"potentialAction\":[{\"@type\":\"SearchAction\",\"target\":{\"@type\":\"EntryPoint\",\"urlTemplate\":\"https:\/\/tandl\u00e6gerne.dk\/?s={search_term_string}\"},\"query-input\":{\"@type\":\"PropertyValueSpecification\",\"valueRequired\":true,\"valueName\":\"search_term_string\"}}],\"inLanguage\":\"da-DK\"}]}<\/script>\n<!-- \/ Yoast SEO plugin. -->","yoast_head_json":{"title":"Klinikken - Tandl\u00e6gerne Klostergade Aarhus C","description":"Tandl\u00e6gerne Klostergade er et stort team af tandl\u00e6ger i Aarhus C. Vores moderne klinik p\u00e5 Klostergade 56 varetager alle typer af behandlinger.","robots":{"index":"index","follow":"follow","max-snippet":"max-snippet:-1","max-image-preview":"max-image-preview:large","max-video-preview":"max-video-preview:-1"},"canonical":"https:\/\/tandl\u00e6gerne.dk\/?page_id=60","og_locale":"da_DK","og_type":"article","og_title":"Klinikken - Tandl\u00e6gerne Klostergade Aarhus C","og_description":"Tandl\u00e6gerne Klostergade er et stort team af tandl\u00e6ger i Aarhus C. Vores moderne klinik p\u00e5 Klostergade 56 varetager alle typer af behandlinger.","og_url":"https:\/\/tandl\u00e6gerne.dk\/?page_id=60","og_site_name":"Tandl\u00e6gerne Klostergade Aarhus C","article_modified_time":"2024-03-04T21:09:30+00:00","twitter_card":"summary_large_image","twitter_misc":{"Estimeret l\u00e6setid":"6 minutter"},"schema":{"@context":"https:\/\/schema.org","@graph":[{"@type":"WebPage","@id":"https:\/\/tandl\u00e6gerne.dk\/?page_id=60","url":"https:\/\/tandl\u00e6gerne.dk\/?page_id=60","name":"Klinikken - Tandl\u00e6gerne Klostergade Aarhus C","isPartOf":{"@id":"https:\/\/tandl\u00e6gerne.dk\/#website"},"datePublished":"2016-03-04T18:07:12+00:00","dateModified":"2024-03-04T21:09:30+00:00","description":"Tandl\u00e6gerne Klostergade er et stort team af tandl\u00e6ger i Aarhus C. Vores moderne klinik p\u00e5 Klostergade 56 varetager alle typer af behandlinger.","breadcrumb":{"@id":"https:\/\/tandl\u00e6gerne.dk\/?page_id=60#breadcrumb"},"inLanguage":"da-DK","potentialAction":[{"@type":"ReadAction","target":["https:\/\/tandl\u00e6gerne.dk\/?page_id=60"]}]},{"@type":"BreadcrumbList","@id":"https:\/\/tandl\u00e6gerne.dk\/?page_id=60#breadcrumb","itemListElement":[{"@type":"ListItem","position":1,"name":"Hjem","item":"https:\/\/tandl\u00e6gerne.dk\/"},{"@type":"ListItem","position":2,"name":"Klinikken"}]},{"@type":"WebSite","@id":"https:\/\/tandl\u00e6gerne.dk\/#website","url":"https:\/\/tandl\u00e6gerne.dk\/","name":"Tandl\u00e6gerne Klostergade Aarhus C","description":"Vi er en moderne tandl\u00e6geklinik, der varetager alle typer af behandlinger i Aarhus","potentialAction":[{"@type":"SearchAction","target":{"@type":"EntryPoint","urlTemplate":"https:\/\/tandl\u00e6gerne.dk\/?s={search_term_string}"},"query-input":{"@type":"PropertyValueSpecification","valueRequired":true,"valueName":"search_term_string"}}],"inLanguage":"da-DK"}]}},"_links":{"self":[{"href":"https:\/\/tandl\u00e6gerne.dk\/index.php?rest_route=\/wp\/v2\/pages\/60","targetHints":{"allow":["GET"]}}],"collection":[{"href":"https:\/\/tandl\u00e6gerne.dk\/index.php?rest_route=\/wp\/v2\/pages"}],"about":[{"href":"https:\/\/tandl\u00e6gerne.dk\/index.php?rest_route=\/wp\/v2\/types\/page"}],"author":[{"embeddable":true,"href":"https:\/\/tandl\u00e6gerne.dk\/index.php?rest_route=\/wp\/v2\/users\/1"}],"replies":[{"embeddable":true,"href":"https:\/\/tandl\u00e6gerne.dk\/index.php?rest_route=%2Fwp%2Fv2%2Fcomments&post=60"}],"version-history":[{"count":51,"href":"https:\/\/tandl\u00e6gerne.dk\/index.php?rest_route=\/wp\/v2\/pages\/60\/revisions"}],"predecessor-version":[{"id":1408,"href":"https:\/\/tandl\u00e6gerne.dk\/index.php?rest_route=\/wp\/v2\/pages\/60\/revisions\/1408"}],"wp:attachment":[{"href":"https:\/\/tandl\u00e6gerne.dk\/index.php?rest_route=%2Fwp%2Fv2%2Fmedia&parent=60"}],"curies":[{"name":"wp","href":"https:\/\/api.w.org\/{rel}","templated":true}]}}